{"id":639,"date":"2011-01-16T20:40:24","date_gmt":"2011-01-16T19:40:24","guid":{"rendered":"http:\/\/www.tkd-wolnzach.de\/blog"},"modified":"2011-01-16T20:47:38","modified_gmt":"2011-01-16T19:47:38","slug":"koreanische-flagge","status":"publish","type":"page","link":"https:\/\/www.tkd-wolnzach.de\/blog\/koreanische-flagge","title":{"rendered":"Koreanische Flagge"},"content":{"rendered":"<p style=\"text-align: center;\">\u2014\u2014\u2014\u2014\u2014\u2014\u2014\u2014\u2014\u2014\u2014\u2014\u2014\u2014\u2014\u2014\u2014\u2014\u2014\u2014\u2014\u2014\u2014\u2014\u2014\u2014\u2014\u2014\u2014\u2014\u2014\u2014\u2014\u2014\u2014\u2014\u2014\u2014\u2014\u2014\u2014\u2014\u2014\u2014\u2014\u2014\u2014\u2014\u2014\u2014\u2014\u2014\u2014\u2014<\/p>\n<p><img loading=\"lazy\" decoding=\"async\" class=\"alignleft size-full wp-image-551\" style=\"margin-left: 40px; margin-right: 20px;\" title=\"Yeop Chagi nach rechts\" src=\"http:\/\/www.tkd-wolnzach.de\/blog\/wp-content\/uploads\/2011\/01\/yop_r.gif\" alt=\"Yeop Chagi nach rechts\" width=\"79\" height=\"84\" \/><img loading=\"lazy\" decoding=\"async\" class=\"alignright size-full wp-image-552\" style=\"margin-left: 20px; margin-right: 40px;\" title=\"Yeop Chagi nach links\" src=\"http:\/\/www.tkd-wolnzach.de\/blog\/wp-content\/uploads\/2011\/01\/yop_l.gif\" alt=\"Yeop Chagi nach links\" width=\"79\" height=\"84\" \/><\/p>\n<h1 style=\"text-align: center;\">Die Koreanische Flagge<\/h1>\n<p><br class=\"clear\" \/><br \/>\n<br class=\"clear\" \/><\/p>\n<p style=\"text-align: center;\">\u2014\u2014\u2014\u2014\u2014\u2014\u2014\u2014\u2014\u2014\u2014\u2014\u2014\u2014\u2014\u2014\u2014\u2014\u2014\u2014\u2014\u2014\u2014\u2014\u2014\u2014\u2014\u2014\u2014\u2014\u2014\u2014\u2014\u2014\u2014\u2014\u2014\u2014\u2014\u2014\u2014\u2014\u2014\u2014\u2014\u2014\u2014\u2014\u2014\u2014\u2014\u2014\u2014\u2014<\/p>\n<p style=\"text-align: center;\"><br class=\"clear\" \/><img loading=\"lazy\" decoding=\"async\" class=\"aligncenter size-full wp-image-643\" style=\"border: black 1px solid;\" title=\"Koreanische Flagge\" src=\"http:\/\/www.tkd-wolnzach.de\/blog\/wp-content\/uploads\/2011\/01\/flagge.gif\" alt=\"Koreanische Flagge\" width=\"248\" height=\"159\" \/><br \/>\n<strong>Tae Kuk Ki<\/strong><\/p>\n<p style=\"text-align: left;\"><strong><br \/>\n<\/strong>Die Koreanische Flagge symbolisiert vieles vom Gedankengut, der Philosophie und der Mystik des Fernen Ostens. Die aktuelle Version stammt aus dem Jahre 1984, wenn auch die grundlegende Gestaltung auf das Gr\u00fcndungsjahr 1948 zur\u00fcckgeht. Das Symbol und manchmal die Flagge selbst werden &#8222;Tae Kuk&#8220; genannt. Auf der wei\u00dfen Flagge wird ein Kreis dargestellt, der durch eine waagerecht verlaufende, S-f\u00f6rmige Linie in zwei v\u00f6llig gleiche H\u00e4lften geteilt wird. Der obere, rote Teil stellt &#8222;Yang&#8220; dar und der untere, blaue Teil &#8222;Yin (Um)&#8220;. Diese beiden Seiten dr\u00fccken den Dualismus des Kosmos aus: Feuer und Wasser, Tag und Nacht, hell und dunkel, Aufbau und Zerst\u00f6rung, m\u00e4nnlich und weiblich, aktiv und passiv, hei\u00df und kalt, plus und minus, etc. Das buddhistische Symbol &#8222;Yin und Yang&#8220; als Ganzes steht f\u00fcr die Einheit von Gegens\u00e4tzen, der wei\u00dfe Hintergrund der Flagge f\u00fcr Reinheit.<\/p>\n<p>Der zentrale Gedanke der &#8222;Tae Kuk&#8220; bedeutet, dass trotz einer st\u00e4ndigen Bewegung innerhalb der Sph\u00e4re der Unendlichkeit, Ausgewogenheit und Harmonie herrschen. Als einfaches Beispiel kann G\u00fcte und Grausamkeit angesehen werden: Einerseits ist es gut, wenn die Eltern ihrem Kind G\u00fcte entgegenbringen, andererseits k\u00f6nnen sie seine moralische Widerstandskraft schw\u00e4chen und es dadurch zu einem lasterhaften Menschen und zu einer Quelle des Schimpfes f\u00fcr seine Vorfahren machen.<\/p>\n<p>Die schwarzen Zeichen, bestehend aus 3 Balken in jeder Ecke der Flagge, symbolisieren ebenfalls die Idee von Gleichgewicht und Gegensatz. Sie werden mit dem oberen linken beginnend im Uhrzeigersinn gelesen. Die 3 ungebrochenen Linien stehen f\u00fcr Sommer, S\u00fcden und Luft; die gegen\u00fcberliegenden 3 gebrochenen Linien stellen Herbst, Norden und Erde dar. In der linken unteren H\u00e4lfte finden sich 2 Linien mit einer gebrochenen Linie in der Mitte. Sie symbolisieren Fr\u00fchling, Osten und Sonne, w\u00e4hrend das Symbol f\u00fcr Winter, Westen und Mond gegen\u00fcberliegt.<\/p>\n","protected":false},"excerpt":{"rendered":"<p>\u2014\u2014\u2014\u2014\u2014\u2014\u2014\u2014\u2014\u2014\u2014\u2014\u2014\u2014\u2014\u2014\u2014\u2014\u2014\u2014\u2014\u2014\u2014\u2014\u2014\u2014\u2014\u2014\u2014\u2014\u2014\u2014\u2014\u2014\u2014\u2014\u2014\u2014\u2014\u2014\u2014\u2014\u2014\u2014\u2014\u2014\u2014\u2014\u2014\u2014\u2014\u2014\u2014\u2014 Die Koreanische Flagge \u2014\u2014\u2014\u2014\u2014\u2014\u2014\u2014\u2014\u2014\u2014\u2014\u2014\u2014\u2014\u2014\u2014\u2014\u2014\u2014\u2014\u2014\u2014\u2014\u2014\u2014\u2014\u2014\u2014\u2014\u2014\u2014\u2014\u2014\u2014\u2014\u2014\u2014\u2014\u2014\u2014\u2014\u2014\u2014\u2014\u2014\u2014\u2014\u2014\u2014\u2014\u2014\u2014\u2014 Tae Kuk Ki Die Koreanische Flagge symbolisiert vieles vom Gedankengut, der Philosophie und der Mystik des Fernen Ostens. Die aktuelle Version stammt aus dem Jahre 1984, wenn auch die grundlegende Gestaltung auf das Gr\u00fcndungsjahr 1948 zur\u00fcckgeht. Das Symbol und manchmal die Flagge selbst werden &#8222;Tae Kuk&#8220; genannt. Auf der wei\u00dfen [&hellip;]<\/p>\n","protected":false},"author":1,"featured_media":0,"parent":0,"menu_order":0,"comment_status":"open","ping_status":"closed","template":"","meta":{"ngg_post_thumbnail":0,"footnotes":""},"class_list":["post-639","page","type-page","status-publish","hentry"],"_links":{"self":[{"href":"https:\/\/www.tkd-wolnzach.de\/blog\/wp-json\/wp\/v2\/pages\/639","targetHints":{"allow":["GET"]}}],"collection":[{"href":"https:\/\/www.tkd-wolnzach.de\/blog\/wp-json\/wp\/v2\/pages"}],"about":[{"href":"https:\/\/www.tkd-wolnzach.de\/blog\/wp-json\/wp\/v2\/types\/page"}],"author":[{"embeddable":true,"href":"https:\/\/www.tkd-wolnzach.de\/blog\/wp-json\/wp\/v2\/users\/1"}],"replies":[{"embeddable":true,"href":"https:\/\/www.tkd-wolnzach.de\/blog\/wp-json\/wp\/v2\/comments?post=639"}],"version-history":[{"count":5,"href":"https:\/\/www.tkd-wolnzach.de\/blog\/wp-json\/wp\/v2\/pages\/639\/revisions"}],"predecessor-version":[{"id":641,"href":"https:\/\/www.tkd-wolnzach.de\/blog\/wp-json\/wp\/v2\/pages\/639\/revisions\/641"}],"wp:attachment":[{"href":"https:\/\/www.tkd-wolnzach.de\/blog\/wp-json\/wp\/v2\/media?parent=639"}],"curies":[{"name":"wp","href":"https:\/\/api.w.org\/{rel}","templated":true}]}}