{"id":730,"date":"2011-02-02T18:50:18","date_gmt":"2011-02-02T17:50:18","guid":{"rendered":"http:\/\/www.tkd-wolnzach.de\/blog"},"modified":"2011-02-02T19:45:10","modified_gmt":"2011-02-02T18:45:10","slug":"sponsoren","status":"publish","type":"page","link":"https:\/\/www.tkd-wolnzach.de\/blog\/sponsoren","title":{"rendered":"Sponsoren"},"content":{"rendered":"<span id=\"tablepress-20-description\" class=\"tablepress-table-description tablepress-table-description-id-20\">F\u00fcr die Unterst\u00fctzung und die partnerschaftliche Zusammenarbeit m\u00f6chten wir unseren Sponsoren recht herzlich danken!<\/span>\n\n<table id=\"tablepress-20\" class=\"tablepress tablepress-id-20 tbody-has-connected-cells\" aria-describedby=\"tablepress-20-description\">\n<tbody>\n<tr class=\"row-1\">\n\t<td class=\"column-1\"><img loading=\"lazy\" decoding=\"async\" src=\"http:\/\/www.tkd-wolnzach.de\/blog\/wp-content\/uploads\/2011\/02\/schaech.jpg\" alt=\"Sch\u00e4ch Heizung &amp; Sanit\u00e4r\" title=\"Sch\u00e4ch Heizung &amp; Sanit\u00e4r\" width=\"248\" height=\"140\" style=\"margin: 30px;\" class=\"aligncenter size-full wp-image-727\" \/><\/td><td class=\"column-2\"><img loading=\"lazy\" decoding=\"async\" src=\"http:\/\/www.tkd-wolnzach.de\/blog\/wp-content\/uploads\/2011\/02\/baeck.jpg\" alt=\"B\u00e4ck Schreibwaren\" title=\"B\u00e4ck Schreibwaren\" width=\"248\" height=\"140\" style=\"margin: 30px;\" class=\"aligncenter size-full wp-image-715\" \/><\/td>\n<\/tr>\n<tr class=\"row-2\">\n\t<td class=\"column-1\"><img loading=\"lazy\" decoding=\"async\" src=\"http:\/\/www.tkd-wolnzach.de\/blog\/wp-content\/uploads\/2011\/02\/auto_reith1.jpg\" alt=\"Autohaus Reith\" title=\"Autohaus Reith\" width=\"248\" height=\"140\" style=\"margin: 30px;\" class=\"aligncenter size-full wp-image-732\" \/><\/td><td class=\"column-2\"><img loading=\"lazy\" decoding=\"async\" src=\"http:\/\/www.tkd-wolnzach.de\/blog\/wp-content\/uploads\/2011\/02\/la_stalla1.jpg\" alt=\"La Stalla\" title=\"La Stalla\" width=\"248\" height=\"140\" style=\"margin: 30px;\" class=\"aligncenter size-full wp-image-724\" \/><\/td>\n<\/tr>\n<tr class=\"row-3\">\n\t<td class=\"column-1\"><img loading=\"lazy\" decoding=\"async\" src=\"http:\/\/www.tkd-wolnzach.de\/blog\/wp-content\/uploads\/2011\/02\/optik_schere.jpg\" alt=\"Optik Schere\" title=\"Optik Schere\" width=\"248\" height=\"140\" style=\"margin: 30px;\" class=\"aligncenter size-full wp-image-726\" \/><\/td><td class=\"column-2\"><img loading=\"lazy\" decoding=\"async\" src=\"http:\/\/www.tkd-wolnzach.de\/blog\/wp-content\/uploads\/2011\/02\/kloepferholz.jpg\" alt=\"Kl\u00f6pferholz\" title=\"Kl\u00f6pferholz\" width=\"248\" height=\"140\" style=\"margin: 30px;\" class=\"aligncenter size-full wp-image-722\" \/><\/td>\n<\/tr>\n<tr class=\"row-4\">\n\t<td class=\"column-1\"><img loading=\"lazy\" decoding=\"async\" src=\"http:\/\/www.tkd-wolnzach.de\/blog\/wp-content\/uploads\/2011\/02\/hotel_hallertau.jpg\" alt=\"Hotel Hallertau\" title=\"Hotel Hallertau\" width=\"248\" height=\"140\" style=\"margin: 30px;\" class=\"aligncenter size-full wp-image-721\" \/><\/td><td class=\"column-2\"><img loading=\"lazy\" decoding=\"async\" src=\"http:\/\/www.tkd-wolnzach.de\/blog\/wp-content\/uploads\/2011\/02\/gela_kuechen.jpg\" alt=\"Gela K\u00fcchen\" title=\"Gela K\u00fcchen\" width=\"248\" height=\"140\" style=\"margin: 30px;\" class=\"aligncenter size-full wp-image-718\" \/><\/td>\n<\/tr>\n<tr class=\"row-5\">\n\t<td class=\"column-1\"><img loading=\"lazy\" decoding=\"async\" src=\"http:\/\/www.tkd-wolnzach.de\/blog\/wp-content\/uploads\/2011\/02\/elektro_euber.jpg\" alt=\"Elektro Neuber\" title=\"Elektro Neuber\" width=\"248\" height=\"140\" style=\"margin: 30px;\" class=\"aligncenter size-full wp-image-717\" \/><\/td><td class=\"column-2\"><img loading=\"lazy\" decoding=\"async\" src=\"http:\/\/www.tkd-wolnzach.de\/blog\/wp-content\/uploads\/2011\/02\/bausch.jpg\" alt=\"Bausch Bauelemente\" title=\"Bausch Bauelemente\" width=\"248\" height=\"140\" style=\"margin: 30px;\" class=\"aligncenter size-full wp-image-716\" \/><\/td>\n<\/tr>\n<tr class=\"row-6\">\n\t<td class=\"column-1\"><img loading=\"lazy\" decoding=\"async\" src=\"http:\/\/www.tkd-wolnzach.de\/blog\/wp-content\/uploads\/2011\/02\/trans_schichtl.jpg\" alt=\"Adolf Schichtl Transporte\" title=\"Adolf Schichtl Transporte\" width=\"248\" height=\"140\" style=\"margin: 30px;\" class=\"aligncenter size-full wp-image-728\" \/><\/td><td class=\"column-2\"><img loading=\"lazy\" decoding=\"async\" src=\"http:\/\/www.tkd-wolnzach.de\/blog\/wp-content\/uploads\/2011\/02\/auto_wallner.jpg\" alt=\"Autohaus Wallner\" title=\"Autohaus Wallner\" width=\"248\" height=\"140\" style=\"margin: 30px;\" class=\"aligncenter size-full wp-image-714\" \/><\/td>\n<\/tr>\n<tr class=\"row-7\">\n\t<td colspan=\"2\" class=\"column-1\"><center><img loading=\"lazy\" decoding=\"async\" src=\"http:\/\/www.tkd-wolnzach.de\/blog\/wp-content\/uploads\/2011\/02\/auto_straub.jpg\" alt=\"Autohaus Straub\" title=\"Autohaus Straub\" width=\"248\" height=\"140\" style=\"margin: 30px;\" class=\"aligncenter size-full wp-image-713\" \/><\/center><\/td>\n<\/tr>\n<tr class=\"row-8\">\n\t<td colspan=\"2\" class=\"column-1\"><center><img loading=\"lazy\" decoding=\"async\" src=\"http:\/\/www.tkd-wolnzach.de\/blog\/wp-content\/uploads\/2011\/02\/zoohaus_wolnzach.jpg\" alt=\"Zoohaus Wolnzach\" title=\"Zoohaus Wolnzach\" width=\"356\" height=\"100\" style=\"margin: 30px;\" class=\"aligncenter size-full wp-image-729\" srcset=\"https:\/\/www.tkd-wolnzach.de\/blog\/wp-content\/uploads\/2011\/02\/zoohaus_wolnzach.jpg 360w, https:\/\/www.tkd-wolnzach.de\/blog\/wp-content\/uploads\/2011\/02\/zoohaus_wolnzach-300x83.jpg 300w\" sizes=\"auto, (max-width: 356px) 100vw, 356px\" \/><\/center><\/td>\n<\/tr>\n<tr class=\"row-9\">\n\t<td colspan=\"2\" class=\"column-1\"><center><img loading=\"lazy\" decoding=\"async\" src=\"http:\/\/www.tkd-wolnzach.de\/blog\/wp-content\/uploads\/2011\/02\/getr_hoerl.jpg\" alt=\"H\u00f6rl Getr\u00e4nke\" title=\"H\u00f6rl Getr\u00e4nke\" width=\"356\" height=\"100\" style=\"margin: 30px;\" class=\"aligncenter size-full wp-image-719\" \/><\/center><\/td>\n<\/tr>\n<tr class=\"row-10\">\n\t<td colspan=\"2\" class=\"column-1\"><center><img loading=\"lazy\" decoding=\"async\" src=\"http:\/\/www.tkd-wolnzach.de\/blog\/wp-content\/uploads\/2011\/02\/guld_autofit.jpg\" alt=\"Guld Autofit\" title=\"Guld Autofit\" width=\"356\" height=\"100\" style=\"margin: 30px;\" class=\"aligncenter size-full wp-image-720\" srcset=\"https:\/\/www.tkd-wolnzach.de\/blog\/wp-content\/uploads\/2011\/02\/guld_autofit.jpg 356w, https:\/\/www.tkd-wolnzach.de\/blog\/wp-content\/uploads\/2011\/02\/guld_autofit-300x84.jpg 300w\" sizes=\"auto, (max-width: 356px) 100vw, 356px\" \/><\/center><\/td>\n<\/tr>\n<tr class=\"row-11\">\n\t<td colspan=\"2\" class=\"column-1\"><center><img loading=\"lazy\" decoding=\"async\" src=\"http:\/\/www.tkd-wolnzach.de\/blog\/wp-content\/uploads\/2011\/02\/lackierer_wallner.jpg\" alt=\"Lackierer Wallner\" title=\"Lackierer Wallner\" width=\"356\" height=\"100\" style=\"margin: 30px;\" class=\"aligncenter size-full wp-image-725\" srcset=\"https:\/\/www.tkd-wolnzach.de\/blog\/wp-content\/uploads\/2011\/02\/lackierer_wallner.jpg 356w, https:\/\/www.tkd-wolnzach.de\/blog\/wp-content\/uploads\/2011\/02\/lackierer_wallner-300x84.jpg 300w\" sizes=\"auto, (max-width: 356px) 100vw, 356px\" \/><\/center><\/td>\n<\/tr>\n<\/tbody>\n<\/table>\n<!-- #tablepress-20 from cache -->\n","protected":false},"excerpt":{"rendered":"","protected":false},"author":1,"featured_media":0,"parent":0,"menu_order":0,"comment_status":"open","ping_status":"closed","template":"","meta":{"ngg_post_thumbnail":0,"footnotes":""},"class_list":["post-730","page","type-page","status-publish","hentry"],"_links":{"self":[{"href":"https:\/\/www.tkd-wolnzach.de\/blog\/wp-json\/wp\/v2\/pages\/730","targetHints":{"allow":["GET"]}}],"collection":[{"href":"https:\/\/www.tkd-wolnzach.de\/blog\/wp-json\/wp\/v2\/pages"}],"about":[{"href":"https:\/\/www.tkd-wolnzach.de\/blog\/wp-json\/wp\/v2\/types\/page"}],"author":[{"embeddable":true,"href":"https:\/\/www.tkd-wolnzach.de\/blog\/wp-json\/wp\/v2\/users\/1"}],"replies":[{"embeddable":true,"href":"https:\/\/www.tkd-wolnzach.de\/blog\/wp-json\/wp\/v2\/comments?post=730"}],"version-history":[{"count":4,"href":"https:\/\/www.tkd-wolnzach.de\/blog\/wp-json\/wp\/v2\/pages\/730\/revisions"}],"predecessor-version":[{"id":735,"href":"https:\/\/www.tkd-wolnzach.de\/blog\/wp-json\/wp\/v2\/pages\/730\/revisions\/735"}],"wp:attachment":[{"href":"https:\/\/www.tkd-wolnzach.de\/blog\/wp-json\/wp\/v2\/media?parent=730"}],"curies":[{"name":"wp","href":"https:\/\/api.w.org\/{rel}","templated":true}]}}