{"id":631,"date":"2011-01-16T20:12:16","date_gmt":"2011-01-16T19:12:16","guid":{"rendered":"http:\/\/www.tkd-wolnzach.de\/blog"},"modified":"2011-01-16T21:30:25","modified_gmt":"2011-01-16T20:30:25","slug":"etikette","status":"publish","type":"page","link":"https:\/\/www.tkd-wolnzach.de\/blog\/etikette","title":{"rendered":"Etikette"},"content":{"rendered":"<p style=\"text-align: center;\">\u2014\u2014\u2014\u2014\u2014\u2014\u2014\u2014\u2014\u2014\u2014\u2014\u2014\u2014\u2014\u2014\u2014\u2014\u2014\u2014\u2014\u2014\u2014\u2014\u2014\u2014\u2014\u2014\u2014\u2014\u2014\u2014\u2014\u2014\u2014\u2014\u2014\u2014\u2014\u2014\u2014\u2014\u2014\u2014\u2014\u2014\u2014\u2014\u2014\u2014\u2014\u2014\u2014\u2014<\/p>\n<p><img loading=\"lazy\" decoding=\"async\" class=\"alignleft size-full wp-image-551\" style=\"margin-left: 40px; margin-right: 20px;\" title=\"Yeop Chagi nach rechts\" src=\"http:\/\/www.tkd-wolnzach.de\/blog\/wp-content\/uploads\/2011\/01\/yop_r.gif\" alt=\"Yeop Chagi nach rechts\" width=\"79\" height=\"84\" \/><img loading=\"lazy\" decoding=\"async\" class=\"alignright size-full wp-image-552\" style=\"margin-left: 20px; margin-right: 40px;\" title=\"Yeop Chagi nach links\" src=\"http:\/\/www.tkd-wolnzach.de\/blog\/wp-content\/uploads\/2011\/01\/yop_l.gif\" alt=\"Yeop Chagi nach links\" width=\"79\" height=\"84\" \/><\/p>\n<h1 style=\"text-align: center;\">Anstand und Etikette<\/h1>\n<p><br class=\"clear\" \/><br \/><br class=\"clear\" \/><\/p>\n<p style=\"text-align: center;\">\u2014\u2014\u2014\u2014\u2014\u2014\u2014\u2014\u2014\u2014\u2014\u2014\u2014\u2014\u2014\u2014\u2014\u2014\u2014\u2014\u2014\u2014\u2014\u2014\u2014\u2014\u2014\u2014\u2014\u2014\u2014\u2014\u2014\u2014\u2014\u2014\u2014\u2014\u2014\u2014\u2014\u2014\u2014\u2014\u2014\u2014\u2014\u2014\u2014\u2014\u2014\u2014\u2014\u2014<\/p>\n<p>Der Taekwondo-Sportler sollte in Worten und Taten stets Anstand wahren. Darin zeigt sich eine gefestigte Pers\u00f6nlichkeit.<\/p>\n<p><strong>1. Die Begr\u00fc\u00dfung<\/strong><br \/>Das Handeln des Taekwondo-Sportlers mu\u00df von seinem Ehrgef\u00fchl getragen sein und sich in der Achtung vor dem Anderen ausdr\u00fccken, was sich auch in einer h\u00f6flichen Begr\u00fc\u00dfung zeigt. Bei der Begr\u00fc\u00dfungshaltung ist der Kopf um 45 Grad, der R\u00fccken um 15 Grad geneigt; die Fersen sto\u00dfen zusammen.<\/p>\n<p><strong>2. Das richtige Verhalten im Trainingsraum<\/strong><br \/>Begr\u00fc\u00dfung der Nationalfahne.<br \/>Der Anf\u00e4nger mu\u00df den Meister, die Dantr\u00e4ger und die \u00e4lteren Sch\u00fcler begr\u00fc\u00dfen. Sitzt der Meister auf dem Boden, so mu\u00df er vor ihm niederknien und ihn begr\u00fc\u00dfen.<br \/>Betreten der Meister, Dantr\u00e4ger oder \u00e4ltere Sch\u00fcler nach dem Anf\u00e4nger den Raum, so mu\u00df er aufstehen und diese begr\u00fc\u00dfen.<\/p>\n<p>Nach dem Ankleiden ist das Hinausgehen nicht mehr erlaubt.<br \/>Die H\u00f6flichkeit in Haltung und Worten des Anf\u00e4ngers dem Meister gegen\u00fcber ist unabh\u00e4ngig von Alter und Geschlecht.<br \/>Der Meister und die Dantr\u00e4ger m\u00fcssen den Sch\u00fcler nicht gr\u00fc\u00dfen. Wenn der Anf\u00e4nger mehr als f\u00fcnf Jahre \u00e4lter als der Meister ist, so mu\u00df der Meister au\u00dferhalb des Trainings gegen\u00fcber dem Anf\u00e4nger die Regeln der H\u00f6flichkeit beachten.<\/p>\n<p>Lachen und L\u00e4rmen ist w\u00e4hrend der Trainingszeit verboten. Auch die Zuschauer m\u00fcssen sich ruhig verhalten.<br \/>Rauchen und das Trinken von Alkohol vor und w\u00e4hrend der Trainingszeit ist ebenfalls verboten.<br \/>Beim Besuch von anderen Taekwondo-Schulen oder -Vereinen m\u00fcssen sich die Besucher dem Meister vorstellen und ihm mitteilen, ob sie trainieren oder zuschauen wollen. Die Erlaubnis des Meisters ist abzuwarten.<\/p>\n<p><span style=\"text-decoration: underline;\">Man verneigt sich in der Regel<\/span><\/p>\n<ul>\n<li>beim Betreten und Verlassen des \u00dcbungsraums: Damit \u00fcbertritt man ganz bewusst auch geistig die Schwelle vom Alltag zum Training und umgekehrt. Wenn Landesfahnen aufgeh\u00e4ngt sind (zum Beispiel bei Pr\u00fcfungen die koreanische neben der nationalen) begr\u00fc\u00dft man auch die Fahnen, um dem Ursprungs- und Gastgeberland Respekt zu zeigen.<\/li>\n<li>zu Beginn und Ende der \u00dcbungsstunde: Sch\u00fcler und Lehrer bekunden gegenseitigen Respekt und versichern sich ihrer Konzentration auf die \u00dcbungen.<\/li>\n<li>vor und nach Partner\u00fcbungen: Damit signalisieren sich die Partner, dass sie alle Aufmerksamkeit in die Aus\u00fcbung der Technik legen, so dass der Partner nicht gef\u00e4hrdet wird.<\/li>\n<li>vor und nach einem Bruchtest: Taekwondo ist zur Verteidigung gedacht und nicht zum Zerst\u00f6ren. Da beim Bruchtest etwas zerst\u00f6rt werden soll (zum Beispiel ein Holzbrett), fragt der \u00dcbende mit der Verneigung gegen\u00fcber dem Lehrer oder Pr\u00fcfer um Erlaubnis nach, ausnahmsweise etwas zerst\u00f6ren zu d\u00fcrfen.<\/li>\n<\/ul>\n<p><strong>3. Die Taekwondo-Kleidung und ihre Aufbewahrung<\/strong><br \/>Die Teilnehmer am Taekwondo-Training m\u00fcssen immer sauber und ordentlich gekleidet sein.<br \/>Ist der Taekwondo-Anzug beim Trainieren in Unordnung geraten, so mu\u00df sich der Betreffende in einem geeigneten Augenblick umdrehen und seine Kleidung in Ordnung bringen.<br \/>Der Taekwondo-Anzug mu\u00df nach dem Training sorgf\u00e4ltig zusammengelegt werden.<\/p>\n","protected":false},"excerpt":{"rendered":"<p>\u2014\u2014\u2014\u2014\u2014\u2014\u2014\u2014\u2014\u2014\u2014\u2014\u2014\u2014\u2014\u2014\u2014\u2014\u2014\u2014\u2014\u2014\u2014\u2014\u2014\u2014\u2014\u2014\u2014\u2014\u2014\u2014\u2014\u2014\u2014\u2014\u2014\u2014\u2014\u2014\u2014\u2014\u2014\u2014\u2014\u2014\u2014\u2014\u2014\u2014\u2014\u2014\u2014\u2014 Anstand und Etikette \u2014\u2014\u2014\u2014\u2014\u2014\u2014\u2014\u2014\u2014\u2014\u2014\u2014\u2014\u2014\u2014\u2014\u2014\u2014\u2014\u2014\u2014\u2014\u2014\u2014\u2014\u2014\u2014\u2014\u2014\u2014\u2014\u2014\u2014\u2014\u2014\u2014\u2014\u2014\u2014\u2014\u2014\u2014\u2014\u2014\u2014\u2014\u2014\u2014\u2014\u2014\u2014\u2014\u2014 Der Taekwondo-Sportler sollte in Worten und Taten stets Anstand wahren. Darin zeigt sich eine gefestigte Pers\u00f6nlichkeit. 1. Die Begr\u00fc\u00dfungDas Handeln des Taekwondo-Sportlers mu\u00df von seinem Ehrgef\u00fchl getragen sein und sich in der Achtung vor dem Anderen ausdr\u00fccken, was sich auch in einer h\u00f6flichen Begr\u00fc\u00dfung zeigt. Bei der Begr\u00fc\u00dfungshaltung ist der [&hellip;]<\/p>\n","protected":false},"author":1,"featured_media":0,"parent":0,"menu_order":0,"comment_status":"open","ping_status":"closed","template":"","meta":{"ngg_post_thumbnail":0,"footnotes":""},"class_list":["post-631","page","type-page","status-publish","hentry"],"_links":{"self":[{"href":"https:\/\/www.tkd-wolnzach.de\/blog\/wp-json\/wp\/v2\/pages\/631","targetHints":{"allow":["GET"]}}],"collection":[{"href":"https:\/\/www.tkd-wolnzach.de\/blog\/wp-json\/wp\/v2\/pages"}],"about":[{"href":"https:\/\/www.tkd-wolnzach.de\/blog\/wp-json\/wp\/v2\/types\/page"}],"author":[{"embeddable":true,"href":"https:\/\/www.tkd-wolnzach.de\/blog\/wp-json\/wp\/v2\/users\/1"}],"replies":[{"embeddable":true,"href":"https:\/\/www.tkd-wolnzach.de\/blog\/wp-json\/wp\/v2\/comments?post=631"}],"version-history":[{"count":6,"href":"https:\/\/www.tkd-wolnzach.de\/blog\/wp-json\/wp\/v2\/pages\/631\/revisions"}],"predecessor-version":[{"id":634,"href":"https:\/\/www.tkd-wolnzach.de\/blog\/wp-json\/wp\/v2\/pages\/631\/revisions\/634"}],"wp:attachment":[{"href":"https:\/\/www.tkd-wolnzach.de\/blog\/wp-json\/wp\/v2\/media?parent=631"}],"curies":[{"name":"wp","href":"https:\/\/api.w.org\/{rel}","templated":true}]}}