{"id":603,"date":"2011-01-16T19:38:12","date_gmt":"2011-01-16T18:38:12","guid":{"rendered":"http:\/\/www.tkd-wolnzach.de\/blog"},"modified":"2011-01-16T20:10:02","modified_gmt":"2011-01-16T19:10:02","slug":"sieben-tugenden","status":"publish","type":"page","link":"https:\/\/www.tkd-wolnzach.de\/blog\/sieben-tugenden","title":{"rendered":"Sieben Tugenden"},"content":{"rendered":"<p style=\"text-align: center;\">\u2014\u2014\u2014\u2014\u2014\u2014\u2014\u2014\u2014\u2014\u2014\u2014\u2014\u2014\u2014\u2014\u2014\u2014\u2014\u2014\u2014\u2014\u2014\u2014\u2014\u2014\u2014\u2014\u2014\u2014\u2014\u2014\u2014\u2014\u2014\u2014\u2014\u2014\u2014\u2014\u2014\u2014\u2014\u2014\u2014\u2014\u2014\u2014\u2014\u2014\u2014\u2014\u2014\u2014<\/p>\n<p><img loading=\"lazy\" decoding=\"async\" class=\"alignleft size-full wp-image-551\" style=\"margin-left: 40px; margin-right: 20px;\" title=\"Yeop Chagi nach rechts\" src=\"http:\/\/www.tkd-wolnzach.de\/blog\/wp-content\/uploads\/2011\/01\/yop_r.gif\" alt=\"Yeop Chagi nach rechts\" width=\"79\" height=\"84\" \/><img loading=\"lazy\" decoding=\"async\" class=\"alignright size-full wp-image-552\" style=\"margin-left: 20px; margin-right: 40px;\" title=\"Yeop Chagi nach links\" src=\"http:\/\/www.tkd-wolnzach.de\/blog\/wp-content\/uploads\/2011\/01\/yop_l.gif\" alt=\"Yeop Chagi nach links\" width=\"79\" height=\"84\" \/><\/p>\n<h1 style=\"text-align: center;\">Sieben Tugenden<\/h1>\n<p><br class=\"clear\" \/><br \/>\n<br class=\"clear\" \/><\/p>\n<p style=\"text-align: center;\">\u2014\u2014\u2014\u2014\u2014\u2014\u2014\u2014\u2014\u2014\u2014\u2014\u2014\u2014\u2014\u2014\u2014\u2014\u2014\u2014\u2014\u2014\u2014\u2014\u2014\u2014\u2014\u2014\u2014\u2014\u2014\u2014\u2014\u2014\u2014\u2014\u2014\u2014\u2014\u2014\u2014\u2014\u2014\u2014\u2014\u2014\u2014\u2014\u2014\u2014\u2014\u2014\u2014\u2014<\/p>\n<p>\u00a0<\/p>\n<p><img loading=\"lazy\" decoding=\"async\" class=\"alignleft size-full wp-image-610\" style=\"margin-left: 40px; margin-right: 92px;\" title=\"Gerechtigkeit (Tschong ui)\" src=\"http:\/\/www.tkd-wolnzach.de\/blog\/wp-content\/uploads\/2011\/01\/gerecht.gif\" alt=\"Gerechtigkeit (Tschong ui)\" width=\"123\" height=\"58\" \/><strong>Gerechtigkeit (Tschong ui)<br class=\"clear\" \/><\/strong><br \/>\n<br class=\"clear\" \/><br \/>\n<img loading=\"lazy\" decoding=\"async\" class=\"alignleft size-full wp-image-611\" style=\"margin-left: 40px; margin-right: 85px;\" title=\"H\u00f6flichkeit (J\u00e4 ui)\" src=\"http:\/\/www.tkd-wolnzach.de\/blog\/wp-content\/uploads\/2011\/01\/hoeflich.gif\" alt=\"H\u00f6flichkeit (J\u00e4 ui)\" width=\"131\" height=\"71\" \/><strong>H\u00f6flichkeit (J\u00e4 ui)<\/strong><br \/>\n<br class=\"clear\" \/><br \/>\n<br class=\"clear\" \/><br \/>\n<img loading=\"lazy\" decoding=\"async\" class=\"alignleft size-full wp-image-608\" style=\"margin-left: 40px; margin-right: 55px;\" title=\"Geist der Einheit (Tschong Sin Tong il)\" src=\"http:\/\/www.tkd-wolnzach.de\/blog\/wp-content\/uploads\/2011\/01\/einheit.gif\" alt=\"Geist der Einheit (Tschong Sin Tong il)\" width=\"162\" height=\"60\" \/><strong>Geist der Einheit (Tschong Sin Tong il)<\/strong><br \/>\n<br class=\"clear\" \/><br \/>\n<br class=\"clear\" \/><br \/>\n<img loading=\"lazy\" decoding=\"async\" class=\"alignleft size-full wp-image-607\" style=\"margin-left: 40px; margin-right: 54px;\" title=\"Ehrgef\u00fchl (Jom Tschi)\" src=\"http:\/\/www.tkd-wolnzach.de\/blog\/wp-content\/uploads\/2011\/01\/ehrgefue.gif\" alt=\"Ehrgef\u00fchl (Jom Tschi)\" width=\"164\" height=\"80\" \/><strong>Ehrgef\u00fchl (Jom Tschi)<\/strong><br \/>\n<br class=\"clear\" \/><br \/>\n<br class=\"clear\" \/><br \/>\n<img loading=\"lazy\" decoding=\"async\" class=\"alignleft size-full wp-image-612\" style=\"margin-left: 40px; margin-right: 42px;\" title=\"Unerm\u00fcdlichkeit (Back Zul Bul Gul)\" src=\"http:\/\/www.tkd-wolnzach.de\/blog\/wp-content\/uploads\/2011\/01\/unermue.gif\" alt=\"Unerm\u00fcdlichkeit (Back Zul Bul Gul)\" width=\"175\" height=\"63\" \/><strong>Unerm\u00fcdlichkeit (Back Zul Bul Gul)<\/strong><br \/>\n<br class=\"clear\" \/><br \/>\n<br class=\"clear\" \/><br \/>\n<img loading=\"lazy\" decoding=\"async\" class=\"alignleft size-full wp-image-609\" style=\"margin-left: 40px; margin-right: 76px;\" title=\"Geduld (In Nae)\" src=\"http:\/\/www.tkd-wolnzach.de\/blog\/wp-content\/uploads\/2011\/01\/geduld.gif\" alt=\"Geduld (In Nae)\" width=\"144\" height=\"88\" \/><strong>Geduld (In Nae)<\/strong><br \/>\n<br class=\"clear\" \/><br \/>\n<br class=\"clear\" \/><br \/>\n<img loading=\"lazy\" decoding=\"async\" class=\"alignleft size-full wp-image-605\" style=\"margin-left: 40px; margin-right: 80px;\" title=\"Bescheidenheit (Kyom Son)\" src=\"http:\/\/www.tkd-wolnzach.de\/blog\/wp-content\/uploads\/2011\/01\/beschei.gif\" alt=\"Bescheidenheit (Kyom Son)\" width=\"141\" height=\"66\" \/><strong>Bescheidenheit (Kyom Son)<\/strong><\/p>\n","protected":false},"excerpt":{"rendered":"<p>\u2014\u2014\u2014\u2014\u2014\u2014\u2014\u2014\u2014\u2014\u2014\u2014\u2014\u2014\u2014\u2014\u2014\u2014\u2014\u2014\u2014\u2014\u2014\u2014\u2014\u2014\u2014\u2014\u2014\u2014\u2014\u2014\u2014\u2014\u2014\u2014\u2014\u2014\u2014\u2014\u2014\u2014\u2014\u2014\u2014\u2014\u2014\u2014\u2014\u2014\u2014\u2014\u2014\u2014 Sieben Tugenden \u2014\u2014\u2014\u2014\u2014\u2014\u2014\u2014\u2014\u2014\u2014\u2014\u2014\u2014\u2014\u2014\u2014\u2014\u2014\u2014\u2014\u2014\u2014\u2014\u2014\u2014\u2014\u2014\u2014\u2014\u2014\u2014\u2014\u2014\u2014\u2014\u2014\u2014\u2014\u2014\u2014\u2014\u2014\u2014\u2014\u2014\u2014\u2014\u2014\u2014\u2014\u2014\u2014\u2014 \u00a0 Gerechtigkeit (Tschong ui) H\u00f6flichkeit (J\u00e4 ui) Geist der Einheit (Tschong Sin Tong il) Ehrgef\u00fchl (Jom Tschi) Unerm\u00fcdlichkeit (Back Zul Bul Gul) Geduld (In Nae) Bescheidenheit (Kyom Son)<\/p>\n","protected":false},"author":1,"featured_media":0,"parent":0,"menu_order":0,"comment_status":"open","ping_status":"closed","template":"","meta":{"ngg_post_thumbnail":0,"footnotes":""},"class_list":["post-603","page","type-page","status-publish","hentry"],"_links":{"self":[{"href":"https:\/\/www.tkd-wolnzach.de\/blog\/wp-json\/wp\/v2\/pages\/603","targetHints":{"allow":["GET"]}}],"collection":[{"href":"https:\/\/www.tkd-wolnzach.de\/blog\/wp-json\/wp\/v2\/pages"}],"about":[{"href":"https:\/\/www.tkd-wolnzach.de\/blog\/wp-json\/wp\/v2\/types\/page"}],"author":[{"embeddable":true,"href":"https:\/\/www.tkd-wolnzach.de\/blog\/wp-json\/wp\/v2\/users\/1"}],"replies":[{"embeddable":true,"href":"https:\/\/www.tkd-wolnzach.de\/blog\/wp-json\/wp\/v2\/comments?post=603"}],"version-history":[{"count":18,"href":"https:\/\/www.tkd-wolnzach.de\/blog\/wp-json\/wp\/v2\/pages\/603\/revisions"}],"predecessor-version":[{"id":629,"href":"https:\/\/www.tkd-wolnzach.de\/blog\/wp-json\/wp\/v2\/pages\/603\/revisions\/629"}],"wp:attachment":[{"href":"https:\/\/www.tkd-wolnzach.de\/blog\/wp-json\/wp\/v2\/media?parent=603"}],"curies":[{"name":"wp","href":"https:\/\/api.w.org\/{rel}","templated":true}]}}