{"id":585,"date":"2011-01-16T18:43:21","date_gmt":"2011-01-16T17:43:21","guid":{"rendered":"http:\/\/www.tkd-wolnzach.de\/blog"},"modified":"2011-01-16T19:28:44","modified_gmt":"2011-01-16T18:28:44","slug":"geschichte","status":"publish","type":"page","link":"https:\/\/www.tkd-wolnzach.de\/blog\/geschichte","title":{"rendered":"Geschichte"},"content":{"rendered":"<p style=\"text-align: center;\">\u2014\u2014\u2014\u2014\u2014\u2014\u2014\u2014\u2014\u2014\u2014\u2014\u2014\u2014\u2014\u2014\u2014\u2014\u2014\u2014\u2014\u2014\u2014\u2014\u2014\u2014\u2014\u2014\u2014\u2014\u2014\u2014\u2014\u2014\u2014\u2014\u2014\u2014\u2014\u2014\u2014\u2014\u2014\u2014\u2014\u2014\u2014\u2014\u2014\u2014\u2014\u2014\u2014\u2014<\/p>\n<p><img loading=\"lazy\" decoding=\"async\" class=\"alignleft size-full wp-image-551\" style=\"margin-left: 40px; margin-right: 20px;\" title=\"Yeop Chagi nach rechts\" src=\"http:\/\/www.tkd-wolnzach.de\/blog\/wp-content\/uploads\/2011\/01\/yop_r.gif\" alt=\"Yeop Chagi nach rechts\" width=\"79\" height=\"84\" \/><img loading=\"lazy\" decoding=\"async\" class=\"alignright size-full wp-image-552\" style=\"margin-left: 20px; margin-right: 40px;\" title=\"Yeop Chagi nach links\" src=\"http:\/\/www.tkd-wolnzach.de\/blog\/wp-content\/uploads\/2011\/01\/yop_l.gif\" alt=\"Yeop Chagi nach links\" width=\"79\" height=\"84\" \/><\/p>\n<h1 style=\"text-align: center;\">Geschichte des Taekwondo<\/h1>\n<p><br class=\"clear\" \/><br \/>\n<br class=\"clear\" \/><\/p>\n<p style=\"text-align: center;\">\u2014\u2014\u2014\u2014\u2014\u2014\u2014\u2014\u2014\u2014\u2014\u2014\u2014\u2014\u2014\u2014\u2014\u2014\u2014\u2014\u2014\u2014\u2014\u2014\u2014\u2014\u2014\u2014\u2014\u2014\u2014\u2014\u2014\u2014\u2014\u2014\u2014\u2014\u2014\u2014\u2014\u2014\u2014\u2014\u2014\u2014\u2014\u2014\u2014\u2014\u2014\u2014\u2014\u2014<\/p>\n<p><br class=\"clear\" \/><br \/>\nVor etwa 1300 Jahren teilte sich die Halbinsel Korea in drei K\u00f6nigreiche. Silla, Koguryo und Baek Je. Silla, das kleinste K\u00f6nigreich, war durch st\u00e4ndige \u00dcbergriffe der beiden gr\u00f6\u00dferen K\u00f6nigreiche bedroht bis junge Adelige und Teile der Kriegerklasse eine Eliteeinheit unter dem Namen Hwa-Rang-Do bildeten. Die Heldentaten der Hwa-Rang-Do werden in vielen Legenden \u00fcberliefert. Durch ihren Mut und ihr Kampfgeschickt, welche sie durch extreme Abh\u00e4rtungs\u00fcbungen erlangten, schafften sie es, dass sich das Volk der Silla gegen die m\u00e4chtigeren K\u00f6nigreiche erhob. Schlie\u00dflich wurde die Halbinsel zum ersten Mal in ihrer Geschichte vereinigt.<br \/>\nZu dieser Zeit war bei den unteren Klassen eine recht primitive Form des Hand- und Fu\u00dfkampfes unter dem Namen Soo Bak bekannt. Der Ehrenkodex der Hwa-Rang-Do wurde dieser Form hinzugef\u00fcgt. Dieser neuen Form gab man den Namen Soo Bak-Gi. Im Laufe der Jahrhunderte gab es immer wieder Wettk\u00e4mpfe, bei denen die K\u00fcnste des Soo Bak-Gi und des Taek Kyon Anwendung fanden. Taek Kyon wurde zu dieser Zeit bereits Landesweit unterrichtet und bildet das Grundger\u00fcst des heutigen <strong>TAEKWONDO<\/strong>.<\/p>\n<p>In der Zeit der Besetzung Koreas durch Japan (1909-1945) wurden die Kampfk\u00fcnste weitgehend unterdr\u00fcckt. Einigen Wenigen ist es zu verdanken, dass die \u00fcber Jahrhunderte verfeinerten Kampfk\u00fcnste nicht in Vergessenheit gerieten. Jedoch mussten diese K\u00fcnste im Verborgenen gehalten werden.<\/p>\n<p>Nach der Befreiung Koreas (1945) begann ein junger koreanischer Oberleutnant namens Choi-Hong-Hi im Jahre 1946 die ihm unterstellten Soldaten in den ihm bekannten Kampfk\u00fcnsten zu unterrichten.<br \/>\nIm Jahre 1955 wurde der einheitliche Begriff <strong>TAEKWONDO<\/strong> f\u00fcr diese, mittlerweile landesweit unterrichtete Kampfkunst, gew\u00e4hlt. Nachdem anf\u00e4nglich haupts\u00e4chlich Techniken der Stile Taek Kyon und Soo Bak vermittlelt wurden, wurden immer wieder neue, zahlreiche Hand- und Fu\u00dftechniken hinzugef\u00fcgt. Den Forschungen und Entwicklungen des mittlerweile zum General aufgestiegenen Choi-Hong-Hi ist es zu verdanken, dass sich dieser neue Stil in eine nahezu universelle Kampfkunst entwickeln konnte.<\/p>\n<p>Der Begriff <strong>TAEKWONDO<\/strong> setzt sich aus drei W\u00f6rtern zusammen, die jedes f\u00fcr sich eine bestimmte Bedeutung haben.<\/p>\n<p><img loading=\"lazy\" decoding=\"async\" class=\"alignleft size-full wp-image-566\" style=\"margin-left: 25px; margin-right: 20px;\" title=\"Tae\" src=\"http:\/\/www.tkd-wolnzach.de\/blog\/wp-content\/uploads\/2011\/01\/tae.gif\" alt=\"Das Tae-Zeichen\" width=\"55\" height=\"83\" \/><\/p>\n<p><strong>TAE<\/strong><span style=\"font-family: Verdana; font-size: x-small;\"><br \/>\nbedeutet im Sprung mit dem Fu\u00df treten oder sto\u00dfen und kennzeichnet somit die Fu\u00dftechniken.<\/span><br \/>\n<br class=\"clear\" \/><br \/>\n<br class=\"clear\" \/><br \/>\n<span style=\"font-family: Verdana; font-size: x-small;\"><img loading=\"lazy\" decoding=\"async\" class=\"alignleft size-full wp-image-565\" style=\"margin-left: 20px; margin-right: 20px;\" title=\"Kwon\" src=\"http:\/\/www.tkd-wolnzach.de\/blog\/wp-content\/uploads\/2011\/01\/kwon.gif\" alt=\"Das Kwon-Zeichen\" width=\"67\" height=\"79\" \/><\/span><\/p>\n<p><span style=\"font-family: Verdana; font-size: x-small;\"><strong>KWON<br \/>\n<\/strong><span style=\"font-family: Verdana; font-size: x-small;\">hei\u00dft w\u00f6rtlich Faust und steht f\u00fcr die Handtechniken.<\/span><\/span><br \/>\n<br class=\"clear\" \/><br \/>\n<br class=\"clear\" \/><br \/>\n<span style=\"font-family: Verdana; font-size: x-small;\"><span style=\"font-family: Verdana; font-size: x-small;\"><img loading=\"lazy\" decoding=\"async\" class=\"alignleft size-full wp-image-564\" style=\"margin-left: 25px; margin-right: 20px;\" title=\"Do\" src=\"http:\/\/www.tkd-wolnzach.de\/blog\/wp-content\/uploads\/2011\/01\/do.gif\" alt=\"Das Do-Zeichen\" width=\"58\" height=\"76\" \/><\/span><\/span><\/p>\n<p><span style=\"font-family: Verdana; font-size: x-small;\"><span style=\"font-family: Verdana; font-size: x-small;\"><strong>DO<br \/>\n<\/strong><span style=\"font-family: Verdana; font-size: x-small;\">ist vom chinesischen Tao abgeleitet und hat besonders im Buddhismus die sinnbildliche Bedeutung der geistigen Entwicklung, des Weges und der <span style=\"font-family: Verdana; color: #000000; font-size: x-small;\">Einheit von K\u00f6rper und Geist<\/span>.<\/span><\/span><\/span><br \/>\n<br class=\"clear\" \/><\/p>\n<p>Ziel des Taekwondo ist es, den K\u00f6rper zu trainieren und den Geist weiterzuentwickeln.<\/p>\n<p>Auch heute noch finden st\u00e4ndige Weiterentwicklungen statt, die die Kunst des <strong>TAEKWONDO<\/strong> weiterbringen sollen. Diese Dynamik h\u00e4lt das<strong> TAEKWONDO<\/strong> st\u00e4ndig jung und stellt Sch\u00fcler sowie Lehrer immer wieder vor neue Herausforderungen.<\/p>\n","protected":false},"excerpt":{"rendered":"<p>\u2014\u2014\u2014\u2014\u2014\u2014\u2014\u2014\u2014\u2014\u2014\u2014\u2014\u2014\u2014\u2014\u2014\u2014\u2014\u2014\u2014\u2014\u2014\u2014\u2014\u2014\u2014\u2014\u2014\u2014\u2014\u2014\u2014\u2014\u2014\u2014\u2014\u2014\u2014\u2014\u2014\u2014\u2014\u2014\u2014\u2014\u2014\u2014\u2014\u2014\u2014\u2014\u2014\u2014 Geschichte des Taekwondo \u2014\u2014\u2014\u2014\u2014\u2014\u2014\u2014\u2014\u2014\u2014\u2014\u2014\u2014\u2014\u2014\u2014\u2014\u2014\u2014\u2014\u2014\u2014\u2014\u2014\u2014\u2014\u2014\u2014\u2014\u2014\u2014\u2014\u2014\u2014\u2014\u2014\u2014\u2014\u2014\u2014\u2014\u2014\u2014\u2014\u2014\u2014\u2014\u2014\u2014\u2014\u2014\u2014\u2014 Vor etwa 1300 Jahren teilte sich die Halbinsel Korea in drei K\u00f6nigreiche. Silla, Koguryo und Baek Je. Silla, das kleinste K\u00f6nigreich, war durch st\u00e4ndige \u00dcbergriffe der beiden gr\u00f6\u00dferen K\u00f6nigreiche bedroht bis junge Adelige und Teile der Kriegerklasse eine Eliteeinheit unter dem Namen Hwa-Rang-Do bildeten. Die Heldentaten der Hwa-Rang-Do werden in [&hellip;]<\/p>\n","protected":false},"author":1,"featured_media":0,"parent":0,"menu_order":0,"comment_status":"open","ping_status":"closed","template":"","meta":{"ngg_post_thumbnail":0,"footnotes":""},"class_list":["post-585","page","type-page","status-publish","hentry"],"_links":{"self":[{"href":"https:\/\/www.tkd-wolnzach.de\/blog\/wp-json\/wp\/v2\/pages\/585","targetHints":{"allow":["GET"]}}],"collection":[{"href":"https:\/\/www.tkd-wolnzach.de\/blog\/wp-json\/wp\/v2\/pages"}],"about":[{"href":"https:\/\/www.tkd-wolnzach.de\/blog\/wp-json\/wp\/v2\/types\/page"}],"author":[{"embeddable":true,"href":"https:\/\/www.tkd-wolnzach.de\/blog\/wp-json\/wp\/v2\/users\/1"}],"replies":[{"embeddable":true,"href":"https:\/\/www.tkd-wolnzach.de\/blog\/wp-json\/wp\/v2\/comments?post=585"}],"version-history":[{"count":14,"href":"https:\/\/www.tkd-wolnzach.de\/blog\/wp-json\/wp\/v2\/pages\/585\/revisions"}],"predecessor-version":[{"id":600,"href":"https:\/\/www.tkd-wolnzach.de\/blog\/wp-json\/wp\/v2\/pages\/585\/revisions\/600"}],"wp:attachment":[{"href":"https:\/\/www.tkd-wolnzach.de\/blog\/wp-json\/wp\/v2\/media?parent=585"}],"curies":[{"name":"wp","href":"https:\/\/api.w.org\/{rel}","templated":true}]}}