{"id":549,"date":"2011-01-16T17:56:11","date_gmt":"2011-01-16T16:56:11","guid":{"rendered":"http:\/\/www.tkd-wolnzach.de\/blog"},"modified":"2011-01-16T18:31:38","modified_gmt":"2011-01-16T17:31:38","slug":"was-ist-taekwondo","status":"publish","type":"page","link":"https:\/\/www.tkd-wolnzach.de\/blog\/was-ist-taekwondo","title":{"rendered":"Was ist Taekwondo"},"content":{"rendered":"<p style=\"text-align: center;\">\u2014\u2014\u2014\u2014\u2014\u2014\u2014\u2014\u2014\u2014\u2014\u2014\u2014\u2014\u2014\u2014\u2014\u2014\u2014\u2014\u2014\u2014\u2014\u2014\u2014\u2014\u2014\u2014\u2014\u2014\u2014\u2014\u2014\u2014\u2014\u2014\u2014\u2014\u2014\u2014\u2014\u2014\u2014\u2014\u2014\u2014\u2014\u2014\u2014\u2014\u2014\u2014\u2014\u2014<\/p>\n<h2><img loading=\"lazy\" decoding=\"async\" class=\"size-full wp-image-552 alignright\" title=\"Yeop Chagi nach links\" src=\"http:\/\/www.tkd-wolnzach.de\/blog\/wp-content\/uploads\/2011\/01\/yop_l.gif\" alt=\"\" width=\"79\" height=\"84\" \/><\/h2>\n<h2 style=\"text-align: center;\"><img loading=\"lazy\" decoding=\"async\" class=\"size-full wp-image-551   alignleft\" title=\"Yeop Chagi nach rechts\" src=\"http:\/\/www.tkd-wolnzach.de\/blog\/wp-content\/uploads\/2011\/01\/yop_r.gif\" alt=\"\" width=\"79\" height=\"84\" \/>Taekwondo<\/h2>\n<h1 style=\"text-align: center;\"><span style=\"font-family: Verdana; font-size: x-small;\">Selbstverteidigung, olympische Disziplin und ein Weg<br \/>zu k\u00f6rperlicher und mentaler Fitness<\/span><\/h1>\n<p><br class=\"clear\" \/><\/p>\n<p style=\"text-align: center;\">\u2014\u2014\u2014\u2014\u2014\u2014\u2014\u2014\u2014\u2014\u2014\u2014\u2014\u2014\u2014\u2014\u2014\u2014\u2014\u2014\u2014\u2014\u2014\u2014\u2014\u2014\u2014\u2014\u2014\u2014\u2014\u2014\u2014\u2014\u2014\u2014\u2014\u2014\u2014\u2014\u2014\u2014\u2014\u2014\u2014\u2014\u2014\u2014\u2014\u2014\u2014\u2014\u2014\u2014<\/p>\n<h2><br class=\"clear\" \/><br \/>Was ist nun Taekwondo ?<\/h2>\n<p>Taekwondo ist sowohl eine uralte Kampfkunst als auch ein modernes Kampfsystem und wird heute von Menschen der verschiedensten Altersstufen und mit unterschiedlichsten Ansichten als Sport oder als eine M\u00f6glichkeit zur Selbstverteidigung ausge\u00fcbt. Der Begriff Taekwondo besteht aus drei altkoreanischen W\u00f6rtern, die das Wesen dieser Kampfkunst kurz und pr\u00e4gnant ausdr\u00fccken:<\/p>\n<p><img loading=\"lazy\" decoding=\"async\" class=\"alignleft size-full wp-image-566\" style=\"margin-left: 25px; margin-right: 20px;\" title=\"Tae\" src=\"http:\/\/www.tkd-wolnzach.de\/blog\/wp-content\/uploads\/2011\/01\/tae.gif\" alt=\"Das Tae-Zeichen\" width=\"55\" height=\"83\" \/><\/p>\n<p><strong>TAE<\/strong><span style=\"font-family: Verdana; font-size: x-small;\"><br \/>bedeutet im Sprung mit dem Fu\u00df treten oder sto\u00dfen und kennzeichnet somit die Fu\u00dftechniken.<\/span><br \/><br class=\"clear\" \/><br \/><br class=\"clear\" \/><br \/><span style=\"font-family: Verdana; font-size: x-small;\"><img loading=\"lazy\" decoding=\"async\" class=\"alignleft size-full wp-image-565\" style=\"margin-left: 20px; margin-right: 20px;\" title=\"Kwon\" src=\"http:\/\/www.tkd-wolnzach.de\/blog\/wp-content\/uploads\/2011\/01\/kwon.gif\" alt=\"Das Kwon-Zeichen\" width=\"67\" height=\"79\" \/><\/span><\/p>\n<p><span style=\"font-family: Verdana; font-size: x-small;\"><strong>KWON<br \/><\/strong><span style=\"font-family: Verdana; font-size: x-small;\">hei\u00dft w\u00f6rtlich Faust und steht f\u00fcr die Handtechniken.<\/span><\/span><br \/><br class=\"clear\" \/><br \/><br class=\"clear\" \/><br \/><span style=\"font-family: Verdana; font-size: x-small;\"><span style=\"font-family: Verdana; font-size: x-small;\"><img loading=\"lazy\" decoding=\"async\" class=\"alignleft size-full wp-image-564\" style=\"margin-left: 25px; margin-right: 20px;\" title=\"Do\" src=\"http:\/\/www.tkd-wolnzach.de\/blog\/wp-content\/uploads\/2011\/01\/do.gif\" alt=\"Das Do-Zeichen\" width=\"58\" height=\"76\" \/><\/span><\/span><\/p>\n<p><span style=\"font-family: Verdana; font-size: x-small;\"><span style=\"font-family: Verdana; font-size: x-small;\"><strong>DO<br \/><\/strong><span style=\"font-family: Verdana; font-size: x-small;\">ist vom chinesischen Tao abgeleitet und hat besonders im Buddhismus die sinnbildliche Bedeutung der geistigen Entwicklung, des Weges und der <span style=\"font-family: Verdana; color: #000000; font-size: x-small;\">Einheit von K\u00f6rper und Geist<\/span>.<\/span><\/span><\/span><br \/><br class=\"clear\" \/><br \/>Taekwondo erinnert auf den ersten Blick etwas an andere asiatische Kampfsportarten, wie das japanische Karate oder das chinesische Kungfu, unterscheidet sich davon jedoch in vielen Punkten.<br \/><br class=\"clear\" \/><br \/><strong>Die Besonderheit des Taekwondo liegt in seiner Vielf\u00e4ltigkeit:<br \/><\/strong>Die dynamischen Fu\u00dftritte und die schnellen Kampfaktionen f\u00fchren zu einer effektiven M\u00f6glichkeit der Selbstverteidigung. Im Wettkampf bedarf es schneller flexibler Kampfaktionen, wobei hier Konzentration, Reaktion und Schnelligkeit genauso gefordert sind wie gute Beweglichkeit und Technik. Der traditionelle Teil des Taekwondo umfa\u00dft die Grundschule der Hand- und Fu\u00dftechniken und das Formenlaufen. Dabei kommt es vor allem auf Konzentrationsf\u00e4higkeit, Rhythmusgef\u00fchl, Vorstellungskraft und nat\u00fcrlich pr\u00e4zise Techniken an.<br \/><br class=\"clear\" \/><br \/>Die Formenschule des Taekwondo unterteilt sich in zwei Formensysteme &#8211; <strong>Poomse bzw. Hyongs<\/strong> (unser Verein trainiert Poomse). Der Formenlauf ist eine festgelegte Abfolge von Stellungen und Taekwondotechniken und kann als Kampf gegen einen unsichtbaren Gegner oder gegen die eigenen Schw\u00e4chen gesehen werden. Hier ist die Pr\u00e4zision, Dynamik und Genauigkeit von Techniken und Stellungen von h\u00f6chster Bedeutung.<br \/><br class=\"clear\" \/><br \/>Der <strong>Taekwondo-Wettkampf (Kyorugi)<\/strong> wird als Vollkontaktkampf betrieben, wobei jedoch diverse Sch\u00fctzer daf\u00fcr sorgen, dass die Gefahr von Verletzungen minimiert wird. Ab dem Jahr 2000 ist Taekwondo als olympische Disziplin neu aufgenommen worden. Beim sportlichen Wettkampf gibt es genaue Regeln, die eingehalten werden m\u00fcssen. Als Trefferzone gilt der Bereich von knapp unterhalb des G\u00fcrtels bis einschlie\u00dflich des Kopfes. Techniken zum K\u00f6rper sind sowohl mit Fu\u00df- als auch Handtechniken, Treffer zum Kopf jedoch nur mit Fu\u00dftechniken erlaubt.<br \/><br class=\"clear\" \/><br \/>Diese Beschr\u00e4nkungen gibt es bei der <strong>Selbstverteidigung (Hosinsul)<\/strong> nicht. Hier wird all das trainiert, was einen Angreifer schnell und effektiv au\u00dfer Gefecht setzt, also auch Hebel und Drucktechniken auf Nervenpunkte. Im Fortgeschrittenbereich wird die Verteidigung gegen Messer- und Kurzstockangriffe trainiert.<br \/><br class=\"clear\" \/><br \/>Auf Vorf\u00fchrungen f\u00e4llt Taekwondo besonders durch die spektakul\u00e4ren<strong> Bruchtests (Kyok-pa)<\/strong> auf, bei denen Holzbretter, Ziegelsteine und andere Materialien mit Hand- und Fu\u00dftechniken zerschlagen werden. Die ausf\u00fchrenden K\u00f6rperteile werden zuvor beim Training abgeh\u00e4rtet (z.B. durch Liegest\u00fctze auf den F\u00e4usten), der Bruchtest an sich jedoch nicht speziell trainiert. Vielmehr soll er die Wirksamkeit und Pr\u00e4zision der Techniken unter Beweis stellen und ergibt sich aus den regul\u00e4ren Techniken, die trainiert werden.<\/p>\n","protected":false},"excerpt":{"rendered":"<p>\u2014\u2014\u2014\u2014\u2014\u2014\u2014\u2014\u2014\u2014\u2014\u2014\u2014\u2014\u2014\u2014\u2014\u2014\u2014\u2014\u2014\u2014\u2014\u2014\u2014\u2014\u2014\u2014\u2014\u2014\u2014\u2014\u2014\u2014\u2014\u2014\u2014\u2014\u2014\u2014\u2014\u2014\u2014\u2014\u2014\u2014\u2014\u2014\u2014\u2014\u2014\u2014\u2014\u2014 Taekwondo Selbstverteidigung, olympische Disziplin und ein Wegzu k\u00f6rperlicher und mentaler Fitness \u2014\u2014\u2014\u2014\u2014\u2014\u2014\u2014\u2014\u2014\u2014\u2014\u2014\u2014\u2014\u2014\u2014\u2014\u2014\u2014\u2014\u2014\u2014\u2014\u2014\u2014\u2014\u2014\u2014\u2014\u2014\u2014\u2014\u2014\u2014\u2014\u2014\u2014\u2014\u2014\u2014\u2014\u2014\u2014\u2014\u2014\u2014\u2014\u2014\u2014\u2014\u2014\u2014\u2014 Was ist nun Taekwondo ? Taekwondo ist sowohl eine uralte Kampfkunst als auch ein modernes Kampfsystem und wird heute von Menschen der verschiedensten Altersstufen und mit unterschiedlichsten Ansichten als Sport oder als eine M\u00f6glichkeit zur Selbstverteidigung ausge\u00fcbt. Der Begriff Taekwondo besteht aus [&hellip;]<\/p>\n","protected":false},"author":1,"featured_media":0,"parent":0,"menu_order":0,"comment_status":"open","ping_status":"closed","template":"","meta":{"ngg_post_thumbnail":0,"footnotes":""},"class_list":["post-549","page","type-page","status-publish","hentry"],"_links":{"self":[{"href":"https:\/\/www.tkd-wolnzach.de\/blog\/wp-json\/wp\/v2\/pages\/549","targetHints":{"allow":["GET"]}}],"collection":[{"href":"https:\/\/www.tkd-wolnzach.de\/blog\/wp-json\/wp\/v2\/pages"}],"about":[{"href":"https:\/\/www.tkd-wolnzach.de\/blog\/wp-json\/wp\/v2\/types\/page"}],"author":[{"embeddable":true,"href":"https:\/\/www.tkd-wolnzach.de\/blog\/wp-json\/wp\/v2\/users\/1"}],"replies":[{"embeddable":true,"href":"https:\/\/www.tkd-wolnzach.de\/blog\/wp-json\/wp\/v2\/comments?post=549"}],"version-history":[{"count":29,"href":"https:\/\/www.tkd-wolnzach.de\/blog\/wp-json\/wp\/v2\/pages\/549\/revisions"}],"predecessor-version":[{"id":553,"href":"https:\/\/www.tkd-wolnzach.de\/blog\/wp-json\/wp\/v2\/pages\/549\/revisions\/553"}],"wp:attachment":[{"href":"https:\/\/www.tkd-wolnzach.de\/blog\/wp-json\/wp\/v2\/media?parent=549"}],"curies":[{"name":"wp","href":"https:\/\/api.w.org\/{rel}","templated":true}]}}