{"id":3165,"date":"2016-01-04T11:26:40","date_gmt":"2016-01-04T10:26:40","guid":{"rendered":"http:\/\/www.tkd-wolnzach.de\/blog\/?page_id=3165"},"modified":"2016-01-04T12:07:26","modified_gmt":"2016-01-04T11:07:26","slug":"tauschboerse","status":"publish","type":"page","link":"https:\/\/www.tkd-wolnzach.de\/blog\/tauschboerse","title":{"rendered":"Tauschb\u00f6rse"},"content":{"rendered":"<p>Hier haben unsere Mitglieder die M\u00f6glichkeit, nicht mehr ben\u00f6tigte TKD-Artikel, anderen Mitgliedern zu einem<br \/>\ngew\u00fcnschten Preis oder kostenlos anzubieten.<br \/>\nBitte die entsprechenden Daten per E-Mail an frauenfelder@tkd-wolnzach.de senden, dann wird der Artikel hier gelistet.<\/p>\n<p><br class=\"clear\" \/><\/p>\n\n<table id=\"tablepress-15\" class=\"tablepress tablepress-id-15\">\n<thead>\n<tr class=\"row-1\">\n\t<th class=\"column-1\">TKD-Artikel<\/th><th class=\"column-2\">Zustand<\/th><th class=\"column-3\">Gr\u00f6\u00dfe<\/th><th class=\"column-4\">Name<\/th><th class=\"column-5\">Tel-Nr. oder E-Mail<\/th><th class=\"column-6\">Preis<\/th>\n<\/tr>\n<\/thead>\n<tbody class=\"row-striping row-hover\">\n<tr class=\"row-2\">\n\t<td class=\"column-1\">TKD-Hallenschuhe Kwon<\/td><td class=\"column-2\">3x getragen,<br \/>\nsehr guter erhalten<\/td><td class=\"column-3\">34<\/td><td class=\"column-4\">Gerhardt Michael<\/td><td class=\"column-5\">0176 \/ 15160001<\/td><td class=\"column-6\">5,- EUR<\/td>\n<\/tr>\n<tr class=\"row-3\">\n\t<td class=\"column-1\">Kwon-Tasche <\/td><td class=\"column-2\">neu<\/td><td class=\"column-3\">48 cm x 24 cm<\/td><td class=\"column-4\">Frauenfelder Daniel<\/td><td class=\"column-5\"> frauenfelder@tkd-wolnzach.de <\/td><td class=\"column-6\">8,- EUR<\/td>\n<\/tr>\n<\/tbody>\n<\/table>\n<!-- #tablepress-15 from cache -->\n","protected":false},"excerpt":{"rendered":"<p>Hier haben unsere Mitglieder die M\u00f6glichkeit, nicht mehr ben\u00f6tigte TKD-Artikel, anderen Mitgliedern zu einem gew\u00fcnschten Preis oder kostenlos anzubieten. Bitte die entsprechenden Daten per E-Mail an frauenfelder@tkd-wolnzach.de senden, dann wird der Artikel hier gelistet.<\/p>\n","protected":false},"author":1,"featured_media":0,"parent":0,"menu_order":0,"comment_status":"closed","ping_status":"closed","template":"","meta":{"ngg_post_thumbnail":0,"footnotes":""},"class_list":["post-3165","page","type-page","status-publish","hentry"],"_links":{"self":[{"href":"https:\/\/www.tkd-wolnzach.de\/blog\/wp-json\/wp\/v2\/pages\/3165","targetHints":{"allow":["GET"]}}],"collection":[{"href":"https:\/\/www.tkd-wolnzach.de\/blog\/wp-json\/wp\/v2\/pages"}],"about":[{"href":"https:\/\/www.tkd-wolnzach.de\/blog\/wp-json\/wp\/v2\/types\/page"}],"author":[{"embeddable":true,"href":"https:\/\/www.tkd-wolnzach.de\/blog\/wp-json\/wp\/v2\/users\/1"}],"replies":[{"embeddable":true,"href":"https:\/\/www.tkd-wolnzach.de\/blog\/wp-json\/wp\/v2\/comments?post=3165"}],"version-history":[{"count":7,"href":"https:\/\/www.tkd-wolnzach.de\/blog\/wp-json\/wp\/v2\/pages\/3165\/revisions"}],"predecessor-version":[{"id":3176,"href":"https:\/\/www.tkd-wolnzach.de\/blog\/wp-json\/wp\/v2\/pages\/3165\/revisions\/3176"}],"wp:attachment":[{"href":"https:\/\/www.tkd-wolnzach.de\/blog\/wp-json\/wp\/v2\/media?parent=3165"}],"curies":[{"name":"wp","href":"https:\/\/api.w.org\/{rel}","templated":true}]}}